{"id":2770,"date":"2014-04-27T18:03:54","date_gmt":"2014-04-27T16:03:54","guid":{"rendered":"http:\/\/unterschafen.de\/de\/?page_id=2770"},"modified":"2018-06-28T09:17:46","modified_gmt":"2018-06-28T07:17:46","slug":"datenschutz","status":"publish","type":"page","link":"http:\/\/unterschafen.de\/de\/datenschutz\/","title":{"rendered":"DATENSCHUTZERKL\u00c4RUNG"},"content":{"rendered":"<p>(Im Folgenden: \u201e<strong>Wir<\/strong>\u201c) sind als Betreiber der Website www.unterschafen.de Verantwortlicher f\u00fcr die personenbezogenen Daten der Nutzer (Im Folgenden: \u201e<strong>Sie<\/strong>\u201c) der Website im Sinne der Datenschutzgrundverordnung (\u201eDSGVO\u201c).<\/p>\n<p>Wir sch\u00fctzen Ihre Privatsph\u00e4re und Ihre privaten Daten. Wir erheben, verarbeiten und nutzen Ihre personenbezogenen Daten in \u00dcbereinstimmung mit dem Inhalt dieser Datenschutzbestimmungen sowie den anwendbaren Datenschutzvorschriften. In diesen Datenschutzbestimmungen wird geregelt, welche personenbezogenen Daten wir \u00fcber Sie erheben, verarbeiten und nutzen. Wir bitten Sie daher, die nachfolgenden Ausf\u00fchrungen sorgf\u00e4ltig durchzulesen.<\/p>\n<p><strong>1. Erheben personenbezogener Daten<\/strong><br \/>\n1.1 Personenbezogene Daten im Sinne dieser Datenschutzbestimmungen sind alle Informationen, die sich auf eine identifizierte oder identifizierbare nat\u00fcrliche Person (im Folgenden \u201ebetroffene Person\u201c) beziehen. Hierzu z\u00e4hlen insbesondere Ihr Name, Ihre E-Mail-Adresse und ggf. Ihre Adresse und Ihre Telefonnummer.<br \/>\n1.2 Grunds\u00e4tzlich werden Ihre personenbezogenen Daten f\u00fcr die Dauer von maximal 6 Monaten gespeichert.<\/p>\n<p><strong>2. Verwendungszweck und Rechtsgrundlage<\/strong><br \/>\n2.1 Verwendungszwecke<br \/>\nWir verwenden Ihre personenbezogenen Daten um sicherzustellen, dass unsere Website in m\u00f6glichst effektiver und interessanter Weise Ihnen gegen\u00fcber pr\u00e4sentiert wird und um unseren Verpflichtungen aus etwaigen zwischen Ihnen und uns geschlossenen Vertr\u00e4gen nachzukommen oder den Abschluss solcher vorzubereiten.<\/p>\n<p>2.2 Rechtsgrundlagen<br \/>\nDie Verarbeitung Ihrer personenbezogenen Daten erfolgt auf Grundlage folgender Rechtsgrundlagen:<br \/>\n2.2.1 Die Erhebung der in Ziffer 1.1 aufgef\u00fchrten Daten (insbesondere Ihres Namens und Ihrer E-Mail-Adresse st\u00fctzt sich auf Artikel 6 Abs.1 (b) oder (f) DS-GVO.<br \/>\n2.2.2. Sollte eine Einwilligung Rechtsgrundlage f\u00fcr die Datenerhebung\/Datenverarbeitung gewesen sein, k\u00f6nnen Sie diese jederzeit widerrufen. Die Rechtm\u00e4\u00dfigkeit der Verarbeitungen, die bis zum Widerruf auf Grundlage der Einwilligung erfolgten, bleibt davon unber\u00fchrt.<\/p>\n<p><strong>3. Datensicherheit<\/strong><br \/>\nAlle Informationen, die Sie an uns \u00fcbermitteln, werden innerhalb der Europ\u00e4ischen Union gespeichert. Leider ist die \u00dcbertragung von Informationen \u00fcber das Internet nicht vollst\u00e4ndig sicher, weshalb wir die Sicherheit der \u00fcber das Internet an unsere Website \u00fcbermittelten Daten nicht garantieren k\u00f6nnen. Wir sichern unsere Website und sonstigen Systeme jedoch durch technische und organisatorische Ma\u00dfnahmen gegen Verlust, Zerst\u00f6rung, Zugriff, Ver\u00e4nderung oder Verbreitung Ihrer Daten durch unbefugte Personen ab.<\/p>\n<p><strong>4. Keine Weitergabe Ihrer personenbezogenen Daten<\/strong><br \/>\nWir geben Ihre personenbezogenen Daten nicht an Dritte weiter, es sei denn, Sie haben in die Datenweitergabe eingewilligt oder wir sind aufgrund gesetzlicher Bestimmungen und\/oder beh\u00f6rdlicher oder gerichtlicher Anordnungen zu einer Datenweitergabe berechtigt oder verpflichtet. Dabei kann es sich insbesondere um die Auskunftserteilung f\u00fcr Zwecke der Strafverfolgung, zur Gefahrenabwehr oder zur Durchsetzung geistiger Eigentumsrechte handeln.<\/p>\n<p><strong>5. Datenschutz und Websites Dritter<\/strong><br \/>\nDie Website kann Hyperlinks zu und von Websites Dritter enthalten. Wenn Sie einem Hyperlink zu einer dieser Websites folgen, beachten Sie bitte, dass wir keine Verantwortung oder Gew\u00e4hr f\u00fcr fremde Inhalte oder Datenschutzbedingungen \u00fcbernehmen k\u00f6nnen. Bitte vergewissern Sie sich der jeweils geltenden Datenschutzbedingungen, bevor Sie personenbezogene Daten an diese Websites \u00fcbermitteln.<\/p>\n<p><strong>6. \u00c4nderungen dieser Datenschutzbestimmungen<\/strong><br \/>\nWir behalten uns das Recht vor, diese Datenschutzbestimmungen jederzeit mit Wirkung f\u00fcr die Zukunft zu \u00e4ndern. Eine jeweils aktuelle Version ist auf der Website verf\u00fcgbar. Bitte suchen Sie die Website regelm\u00e4\u00dfig auf und informieren Sie sich \u00fcber die geltenden Datenschutzbestimmungen.<\/p>\n<p><strong>7. Ihre Rechte und Kontakt<\/strong><br \/>\nBez\u00fcglich der Verarbeitung Ihrer personenbezogenen Daten stehen Ihnen umfangreiche Rechte zu. Zun\u00e4chst haben Sie ein umfangreiches Auskunftsrecht und k\u00f6nnen ggf. die Berichtigung und\/oder L\u00f6schung und\/oder Sperrung Ihrer personenbezogenen Daten verlangen. Sie k\u00f6nnen auch eine Einschr\u00e4nkung der Verarbeitung verlangen und haben ein Widerspruchsrecht sowie ein Recht auf Daten\u00fcbertragbarkeit. Falls Sie eines Ihrer Rechte geltend machen und\/oder n\u00e4here Informationen hier\u00fcber erhalten m\u00f6chten, wenden Sie sich an uns \u00fcber die unter Ziffer 1 genannte E-Mail-Adresse.<br \/>\nDar\u00fcber hinaus steht Ihnen ein Beschwerderecht bei einer Aufsichtsbeh\u00f6rde zu. Sollten Sie Fragen, Kommentare oder Anfragen bez\u00fcglich der Erhebung, Verarbeitung und Nutzung Ihrer personenbezogenen Daten durch uns haben, wenden Sie sich bitte ebenfalls an uns unter den angegebenen Kontaktdaten.<\/p>\n","protected":false},"excerpt":{"rendered":"<p>(Im Folgenden: \u201eWir\u201c) sind als Betreiber der Website www.unterschafen.de Verantwortlicher f\u00fcr die personenbezogenen Daten der Nutzer (Im Folgenden: \u201eSie\u201c) der Website im Sinne der Datenschutzgrundverordnung (\u201eDSGVO\u201c). Wir sch\u00fctzen Ihre Privatsph\u00e4re und Ihre privaten Daten. Wir erheben, verarbeiten und nutzen Ihre personenbezogenen Daten in \u00dcbereinstimmung mit dem Inhalt dieser Datenschutzbestimmungen sowie [&#8230;]<\/p>\n","protected":false},"author":1,"featured_media":0,"parent":0,"menu_order":0,"comment_status":"open","ping_status":"open","template":"","meta":[],"_links":{"self":[{"href":"http:\/\/unterschafen.de\/de\/wp-json\/wp\/v2\/pages\/2770"}],"collection":[{"href":"http:\/\/unterschafen.de\/de\/wp-json\/wp\/v2\/pages"}],"about":[{"href":"http:\/\/unterschafen.de\/de\/wp-json\/wp\/v2\/types\/page"}],"author":[{"embeddable":true,"href":"http:\/\/unterschafen.de\/de\/wp-json\/wp\/v2\/users\/1"}],"replies":[{"embeddable":true,"href":"http:\/\/unterschafen.de\/de\/wp-json\/wp\/v2\/comments?post=2770"}],"version-history":[{"count":7,"href":"http:\/\/unterschafen.de\/de\/wp-json\/wp\/v2\/pages\/2770\/revisions"}],"predecessor-version":[{"id":3423,"href":"http:\/\/unterschafen.de\/de\/wp-json\/wp\/v2\/pages\/2770\/revisions\/3423"}],"wp:attachment":[{"href":"http:\/\/unterschafen.de\/de\/wp-json\/wp\/v2\/media?parent=2770"}],"curies":[{"name":"wp","href":"https:\/\/api.w.org\/{rel}","templated":true}]}}